{"id":1635,"date":"2024-08-25T04:53:45","date_gmt":"2024-08-25T02:53:45","guid":{"rendered":"https:\/\/marinefribourg.com\/?page_id=1635"},"modified":"2024-08-26T09:46:42","modified_gmt":"2024-08-26T07:46:42","slug":"mentions-legales","status":"publish","type":"page","link":"https:\/\/marinefribourg.com\/en\/mentions-legales\/","title":{"rendered":"About website"},"content":{"rendered":"<h2 class=\"wp-block-heading\">Marine Fribourg<\/h2>\n\n\n\n<p>Siren 830 665 808<\/p>\n\n\n\n<h2 class=\"wp-block-heading\">Droits d&rsquo;auteur<\/h2>\n\n\n\n<p>L\u2019ensemble de ce site rel\u00e8ve de la l\u00e9gislation fran\u00e7aise et internationale sur le droit d\u2019auteur et la propri\u00e9t\u00e9 intellectuelle. Tous les droits de reproduction sont r\u00e9serv\u00e9s, y compris pour les documents t\u00e9l\u00e9chargeables. La reproduction de tout ou partie du site etre-la.org sur un support \u00e9lectronique ou papier quel qu\u2019il soit est formellement interdite sauf autorisation expresse du directeur de la publication.<\/p>\n\n\n\n<div class=\"wp-block-columns is-layout-flex wp-container-core-columns-is-layout-28f84493 wp-block-columns-is-layout-flex\">\n<div class=\"wp-block-column is-layout-flow wp-block-column-is-layout-flow\">\n<figure class=\"wp-block-image aligncenter size-large is-resized\"><img loading=\"lazy\" decoding=\"async\" width=\"1024\" height=\"285\" src=\"https:\/\/marinefribourg.com\/wp-content\/uploads\/2024\/08\/logo-webaid-transparent-hd-1024x285.png\" alt=\"\" class=\"wp-image-1738\" style=\"width:350px\" srcset=\"https:\/\/marinefribourg.com\/wp-content\/uploads\/2024\/08\/logo-webaid-transparent-hd-1024x285.png 1024w, https:\/\/marinefribourg.com\/wp-content\/uploads\/2024\/08\/logo-webaid-transparent-hd-300x84.png 300w, https:\/\/marinefribourg.com\/wp-content\/uploads\/2024\/08\/logo-webaid-transparent-hd-768x214.png 768w, https:\/\/marinefribourg.com\/wp-content\/uploads\/2024\/08\/logo-webaid-transparent-hd-18x5.png 18w, https:\/\/marinefribourg.com\/wp-content\/uploads\/2024\/08\/logo-webaid-transparent-hd.png 1128w\" sizes=\"auto, (max-width: 1024px) 100vw, 1024px\" \/><\/figure>\n\n\n\n<p class=\"has-text-align-center\">SIRET : 819 848 243 00013<\/p>\n\n\n\n<p><\/p>\n\n\n\n<div class=\"wp-block-buttons is-content-justification-center is-layout-flex wp-container-core-buttons-is-layout-a89b3969 wp-block-buttons-is-layout-flex\">\n<div class=\"wp-block-button is-style-outline is-style-outline--1\"><a class=\"wp-block-button__link wp-element-button\">En savoir plus<\/a><\/div>\n<\/div>\n<\/div>\n\n\n\n<div class=\"wp-block-column is-layout-flow wp-block-column-is-layout-flow\">\n<figure class=\"wp-block-image aligncenter size-full is-resized\"><img loading=\"lazy\" decoding=\"async\" width=\"768\" height=\"209\" src=\"https:\/\/marinefribourg.com\/wp-content\/uploads\/2024\/08\/o2switch-Logo-gross-768x209-1.png\" alt=\"\" class=\"wp-image-1737\" style=\"width:350px\" srcset=\"https:\/\/marinefribourg.com\/wp-content\/uploads\/2024\/08\/o2switch-Logo-gross-768x209-1.png 768w, https:\/\/marinefribourg.com\/wp-content\/uploads\/2024\/08\/o2switch-Logo-gross-768x209-1-300x82.png 300w, https:\/\/marinefribourg.com\/wp-content\/uploads\/2024\/08\/o2switch-Logo-gross-768x209-1-18x5.png 18w\" sizes=\"auto, (max-width: 768px) 100vw, 768px\" \/><\/figure>\n\n\n\n<p class=\"has-text-align-center\">SIRET : 510 909 807 00024<\/p>\n\n\n\n<p class=\"has-text-align-center\">RCS Clermont Ferrand<\/p>\n\n\n\n<div class=\"wp-block-buttons is-content-justification-center is-layout-flex wp-container-core-buttons-is-layout-a89b3969 wp-block-buttons-is-layout-flex\">\n<div class=\"wp-block-button is-style-outline is-style-outline--2\"><a class=\"wp-block-button__link wp-element-button\">En savoir plus<\/a><\/div>\n<\/div>\n<\/div>\n<\/div>","protected":false},"excerpt":{"rendered":"<p>Marine Fribourg Siren 830 665 808 Droits d&rsquo;auteur L\u2019ensemble de ce site rel\u00e8ve de la l\u00e9gislation fran\u00e7aise et internationale sur le droit d\u2019auteur et la propri\u00e9t\u00e9 intellectuelle. Tous les droits de reproduction sont r\u00e9serv\u00e9s, y compris pour les documents t\u00e9l\u00e9chargeables. La reproduction de tout ou partie du site etre-la.org sur un support \u00e9lectronique ou papier [&hellip;]<\/p>\n","protected":false},"author":1,"featured_media":0,"parent":0,"menu_order":0,"comment_status":"closed","ping_status":"closed","template":"","meta":{"footnotes":""},"class_list":["post-1635","page","type-page","status-publish","hentry"],"_links":{"self":[{"href":"https:\/\/marinefribourg.com\/en\/wp-json\/wp\/v2\/pages\/1635","targetHints":{"allow":["GET"]}}],"collection":[{"href":"https:\/\/marinefribourg.com\/en\/wp-json\/wp\/v2\/pages"}],"about":[{"href":"https:\/\/marinefribourg.com\/en\/wp-json\/wp\/v2\/types\/page"}],"author":[{"embeddable":true,"href":"https:\/\/marinefribourg.com\/en\/wp-json\/wp\/v2\/users\/1"}],"replies":[{"embeddable":true,"href":"https:\/\/marinefribourg.com\/en\/wp-json\/wp\/v2\/comments?post=1635"}],"version-history":[{"count":3,"href":"https:\/\/marinefribourg.com\/en\/wp-json\/wp\/v2\/pages\/1635\/revisions"}],"predecessor-version":[{"id":1750,"href":"https:\/\/marinefribourg.com\/en\/wp-json\/wp\/v2\/pages\/1635\/revisions\/1750"}],"wp:attachment":[{"href":"https:\/\/marinefribourg.com\/en\/wp-json\/wp\/v2\/media?parent=1635"}],"curies":[{"name":"wp","href":"https:\/\/api.w.org\/{rel}","templated":true}]}}