{"id":2504,"date":"2025-04-14T10:20:21","date_gmt":"2025-04-14T08:20:21","guid":{"rendered":"https:\/\/marinefribourg.com\/?page_id=2504"},"modified":"2025-12-17T18:05:41","modified_gmt":"2025-12-17T17:05:41","slug":"forests-of-the-night-cd","status":"publish","type":"page","link":"https:\/\/marinefribourg.com\/en\/forests-of-the-night-cd\/","title":{"rendered":"Forests of the Night &#8211; CD"},"content":{"rendered":"<p>Forests of the Night, <strong>Forests of the Night <\/strong>released on 25 April 2025 by Dutch producer\/engineer Frerik de Jong of 7 Mountain Records , brings together German Romantic lieder performed by <strong>mezzo-soprano Marine Fribourg<\/strong> and <strong>and pianist Flore Merlin<\/strong> (Streicher 1847 piano), about the more or less frightening creatures that can be encountered at night in a forest in Germanic mythology: elves, nymphs, witches celebrating the Sabbath, the Lorelei or the Alder King, but also Death himself. The poems are at times disturbing, even tragic, and at other times jubilant or mocking. Themes such as seduction, the contemplation of nature and the night, the danger of desire and love, and the strangeness of the unknown are all explored in a great symbolic journey.<\/p>\n\n\n\n<p>The composers: Pauline Viardot-Garc\u00eda, Fanny Hensel-Mendelssohn, Clara Schumann-Wieck, Felix Mendelssohn, Robert Schumann, Johannes Brahms, Carl Loewe, Franz Schubert, Franz Liszt, Edvard Grieg, as well as Frenchman Benjamin Attahir, whose premiere closes the programme.<\/p>\n\n\n\n<p>Il a \u00e9t\u00e9 enregistr\u00e9 sur un magnifique piano Streicher de 1847.<\/p>\n\n\n\n<p>You can then may by Paypal or banktransfer<\/p>\n\n\n\n<p><strong>Price per CD: 18\u20ac<\/strong> (shipping included)<\/p>\n\n\n\n<div class=\"wp-block-buttons alignwide is-content-justification-left is-layout-flex wp-container-core-buttons-is-layout-fc4fd283 wp-block-buttons-is-layout-flex\">\n<div class=\"wp-block-button\"><a class=\"wp-block-button__link wp-element-button\" href=\"http:\/\/marinefribourg.com\/en\/forests-of-the-night-commande-de-cds\/\" target=\"_blank\" rel=\"noreferrer noopener\">Buy the CD<\/a><\/div>\n<\/div>\n\n\n\n<figure class=\"wp-block-image size-large is-resized\"><img loading=\"lazy\" decoding=\"async\" width=\"1024\" height=\"1024\" src=\"https:\/\/marinefribourg.com\/wp-content\/uploads\/2025\/04\/Marine-Fribourg-and-Flore-Merlin-Forests-of-the-Night-_-cover-4000x4000-DS-7MNTN061-1-1024x1024.jpg\" alt=\"\" class=\"wp-image-2437\" style=\"width:609px;height:auto\" srcset=\"https:\/\/marinefribourg.com\/wp-content\/uploads\/2025\/04\/Marine-Fribourg-and-Flore-Merlin-Forests-of-the-Night-_-cover-4000x4000-DS-7MNTN061-1-1024x1024.jpg 1024w, https:\/\/marinefribourg.com\/wp-content\/uploads\/2025\/04\/Marine-Fribourg-and-Flore-Merlin-Forests-of-the-Night-_-cover-4000x4000-DS-7MNTN061-1-300x300.jpg 300w, https:\/\/marinefribourg.com\/wp-content\/uploads\/2025\/04\/Marine-Fribourg-and-Flore-Merlin-Forests-of-the-Night-_-cover-4000x4000-DS-7MNTN061-1-150x150.jpg 150w, https:\/\/marinefribourg.com\/wp-content\/uploads\/2025\/04\/Marine-Fribourg-and-Flore-Merlin-Forests-of-the-Night-_-cover-4000x4000-DS-7MNTN061-1-768x768.jpg 768w, https:\/\/marinefribourg.com\/wp-content\/uploads\/2025\/04\/Marine-Fribourg-and-Flore-Merlin-Forests-of-the-Night-_-cover-4000x4000-DS-7MNTN061-1-500x500.jpg 500w, https:\/\/marinefribourg.com\/wp-content\/uploads\/2025\/04\/Marine-Fribourg-and-Flore-Merlin-Forests-of-the-Night-_-cover-4000x4000-DS-7MNTN061-1-1536x1536.jpg 1536w, https:\/\/marinefribourg.com\/wp-content\/uploads\/2025\/04\/Marine-Fribourg-and-Flore-Merlin-Forests-of-the-Night-_-cover-4000x4000-DS-7MNTN061-1-2048x2048.jpg 2048w, https:\/\/marinefribourg.com\/wp-content\/uploads\/2025\/04\/Marine-Fribourg-and-Flore-Merlin-Forests-of-the-Night-_-cover-4000x4000-DS-7MNTN061-1-12x12.jpg 12w\" sizes=\"auto, (max-width: 1024px) 100vw, 1024px\" \/><\/figure>","protected":false},"excerpt":{"rendered":"<p>Le disque Forests of the Night r\u00e9unit des lieder romantiques allemands interpr\u00e9t\u00e9s par la mezzo-soprano Marine Fribourg et la pianiste Flore Merlin (piano Streicher 1847), qui nous parlent des cr\u00e9atures plus ou moins effrayantes que l\u2019on peut rencontrer la nuit dans une for\u00eat de la mythologie germanique : elfes, nymphes, sorci\u00e8res f\u00eatant le Sabbat, la [&hellip;]<\/p>\n","protected":false},"author":2,"featured_media":0,"parent":0,"menu_order":0,"comment_status":"closed","ping_status":"closed","template":"","meta":{"footnotes":""},"class_list":["post-2504","page","type-page","status-publish","hentry"],"_links":{"self":[{"href":"https:\/\/marinefribourg.com\/en\/wp-json\/wp\/v2\/pages\/2504","targetHints":{"allow":["GET"]}}],"collection":[{"href":"https:\/\/marinefribourg.com\/en\/wp-json\/wp\/v2\/pages"}],"about":[{"href":"https:\/\/marinefribourg.com\/en\/wp-json\/wp\/v2\/types\/page"}],"author":[{"embeddable":true,"href":"https:\/\/marinefribourg.com\/en\/wp-json\/wp\/v2\/users\/2"}],"replies":[{"embeddable":true,"href":"https:\/\/marinefribourg.com\/en\/wp-json\/wp\/v2\/comments?post=2504"}],"version-history":[{"count":7,"href":"https:\/\/marinefribourg.com\/en\/wp-json\/wp\/v2\/pages\/2504\/revisions"}],"predecessor-version":[{"id":2664,"href":"https:\/\/marinefribourg.com\/en\/wp-json\/wp\/v2\/pages\/2504\/revisions\/2664"}],"wp:attachment":[{"href":"https:\/\/marinefribourg.com\/en\/wp-json\/wp\/v2\/media?parent=2504"}],"curies":[{"name":"wp","href":"https:\/\/api.w.org\/{rel}","templated":true}]}}